{"id":211,"date":"2021-10-05T13:34:49","date_gmt":"2021-10-05T11:34:49","guid":{"rendered":"https:\/\/protesisocularescastillayleon.es\/politica-de-cookies-ue\/"},"modified":"2021-10-05T13:52:10","modified_gmt":"2021-10-05T11:52:10","slug":"politica-de-cookies-ue","status":"publish","type":"page","link":"https:\/\/protesisocularescastillayleon.es\/?page_id=211","title":{"rendered":"Pol\u00edtica de cookies (UE)"},"content":{"rendered":"La regi\u00f3n EU no est\u00e1 activada para cookie-statement.\n","protected":false},"excerpt":{"rendered":"","protected":false},"author":1,"featured_media":0,"parent":0,"menu_order":0,"comment_status":"closed","ping_status":"closed","template":"","meta":{"footnotes":""},"class_list":["post-211","page","type-page","status-publish","hentry"],"_links":{"self":[{"href":"https:\/\/protesisocularescastillayleon.es\/index.php?rest_route=\/wp\/v2\/pages\/211","targetHints":{"allow":["GET"]}}],"collection":[{"href":"https:\/\/protesisocularescastillayleon.es\/index.php?rest_route=\/wp\/v2\/pages"}],"about":[{"href":"https:\/\/protesisocularescastillayleon.es\/index.php?rest_route=\/wp\/v2\/types\/page"}],"author":[{"embeddable":true,"href":"https:\/\/protesisocularescastillayleon.es\/index.php?rest_route=\/wp\/v2\/users\/1"}],"replies":[{"embeddable":true,"href":"https:\/\/protesisocularescastillayleon.es\/index.php?rest_route=%2Fwp%2Fv2%2Fcomments&post=211"}],"version-history":[{"count":1,"href":"https:\/\/protesisocularescastillayleon.es\/index.php?rest_route=\/wp\/v2\/pages\/211\/revisions"}],"predecessor-version":[{"id":220,"href":"https:\/\/protesisocularescastillayleon.es\/index.php?rest_route=\/wp\/v2\/pages\/211\/revisions\/220"}],"wp:attachment":[{"href":"https:\/\/protesisocularescastillayleon.es\/index.php?rest_route=%2Fwp%2Fv2%2Fmedia&parent=211"}],"curies":[{"name":"wp","href":"https:\/\/api.w.org\/{rel}","templated":true}]}}